{"id":2094,"date":"2015-11-28T21:19:35","date_gmt":"2015-11-28T19:19:35","guid":{"rendered":"http:\/\/bouradanishotel.gr\/?page_id=2094"},"modified":"2024-10-20T19:27:54","modified_gmt":"2024-10-20T17:27:54","slug":"the-bar-5","status":"publish","type":"page","link":"https:\/\/bouradanishotel.gr\/de\/the-bar-5\/","title":{"rendered":"Bar"},"content":{"rendered":"[vc_row][vc_column width=&#8221;1\/2&#8243; css=&#8221;.vc_custom_1599296186570{margin-top: 60px !important;}&#8221;][vc_column_text]\n<h2>Cocktails und mehr<\/h2>\n<h4>Genie\u00dfen Sie den ganzen Tag mit uns.<\/h4>\n<h4>Am Morgen mit einem gro\u00dfen Kaffee-Angebot.<\/h4>\n<h4>Im Verlauf des Tages mit Softdrinks, Bieren, Weinen oder Spirituosen.<\/h4>\n<h4>Oder genie\u00dfen Sie sp\u00e4t am Abend die beste Vielfalt an Cocktails bei guter Musik.<\/h4>\n<h4><\/h4>\n[\/vc_column_text][vc_btn title=&#8221;Bar Menu&#8221; style=&#8221;3d&#8221; color=&#8221;pink&#8221; align=&#8221;center&#8221; link=&#8221;url:https%3A%2F%2Fbouradanishotel.gr%2Fwp-content%2Fuploads%2F2023%2F05%2FBar-Menu-2023-for-site-w_o-prices.pdf|target:_blank&#8221;][\/vc_column][vc_column width=&#8221;1\/2&#8243; css=&#8221;.vc_custom_1451935077744{padding-top: 30px !important;padding-right: 30px !important;padding-left: 30px !important;background-color: rgba(225,228,244,0.67) !important;*background-color: rgb(225,228,244) !important;}&#8221;][vc_images_carousel images=&#8221;1913,6605,3378,6606,6607&#8243; onclick=&#8221;link_no&#8221; speed=&#8221;2000&#8243; wrap=&#8221;yes&#8221; autoplay=&#8221;yes&#8221;][\/vc_column][\/vc_row][vc_row grid=&#8221;true&#8221; css=&#8221;.vc_custom_1674465108324{margin-top: -30px !important;}&#8221;][vc_column width=&#8221;1\/2&#8243; css=&#8221;.vc_custom_1451935143981{padding-top: 30px !important;padding-right: 30px !important;padding-left: 30px !important;background-color: rgba(225,228,244,0.67) !important;*background-color: rgb(225,228,244) !important;}&#8221;][vc_images_carousel images=&#8221;2006,6609,2007,6607&#8243; onclick=&#8221;link_no&#8221; speed=&#8221;2000&#8243; wrap=&#8221;yes&#8221; autoplay=&#8221;yes&#8221;][\/vc_column][vc_column width=&#8221;1\/2&#8243; css=&#8221;.vc_custom_1599296195573{margin-top: 60px !important;}&#8221;][vc_column_text]\n<h2>Sch\u00f6ne Atmosph\u00e4re und gute Barkeeper<\/h2>\n<h4>Unsere Barkeeper sind von der<a href=\"http:\/\/www.barschool.net\/ebs-schools\/kos-barschool\/\" target=\"_blank\" rel=\"noopener\"> \u201cEuropean Bartender School\u201d (EBS)<\/a>\u00a0trainiert und zertifiziert.<\/h4>\n<h4>Sie \u00e4u\u00dfern Ihren Wunsch und er wird Ihnen erf\u00fcllt.<\/h4>\n<h4>Wenn Sie sich mit Cocktails nicht auskennen oder Sie sich allgemein nicht sicher sind, was Sie w\u00e4hlen m\u00f6chten, fragen Sie sie einfach nach ihren Empfehlungen.<\/h4>\n<h4>Unsere Barkeeper werden mit Freue den genau richtigen Cocktail f\u00fcr Sie mixen, nat\u00fcrlich passend zu Ihrem Geschmack und Ihrer Stimmung.<\/h4>\n[\/vc_column_text][\/vc_column][\/vc_row]\n","protected":false},"excerpt":{"rendered":"<p>[vc_row][vc_column width=&#8221;1\/2&#8243; css=&#8221;.vc_custom_1599296186570{margin-top: 60px !important;}&#8221;][vc_column_text] Cocktails und mehr Genie\u00dfen Sie den ganzen Tag mit uns. Am Morgen mit einem gro\u00dfen [&hellip;]<\/p>\n","protected":false},"author":2,"featured_media":0,"parent":0,"menu_order":0,"comment_status":"closed","ping_status":"closed","template":"","meta":[],"translation":{"provider":"WPGlobus","version":"3.0.2","language":"de","enabled_languages":["en","de","el"],"languages":{"en":{"title":true,"content":true,"excerpt":false},"de":{"title":true,"content":true,"excerpt":false},"el":{"title":true,"content":true,"excerpt":false}}},"_links":{"self":[{"href":"https:\/\/bouradanishotel.gr\/de\/wp-json\/wp\/v2\/pages\/2094"}],"collection":[{"href":"https:\/\/bouradanishotel.gr\/de\/wp-json\/wp\/v2\/pages"}],"about":[{"href":"https:\/\/bouradanishotel.gr\/de\/wp-json\/wp\/v2\/types\/page"}],"author":[{"embeddable":true,"href":"https:\/\/bouradanishotel.gr\/de\/wp-json\/wp\/v2\/users\/2"}],"replies":[{"embeddable":true,"href":"https:\/\/bouradanishotel.gr\/de\/wp-json\/wp\/v2\/comments?post=2094"}],"version-history":[{"count":42,"href":"https:\/\/bouradanishotel.gr\/de\/wp-json\/wp\/v2\/pages\/2094\/revisions"}],"predecessor-version":[{"id":6604,"href":"https:\/\/bouradanishotel.gr\/de\/wp-json\/wp\/v2\/pages\/2094\/revisions\/6604"}],"wp:attachment":[{"href":"https:\/\/bouradanishotel.gr\/de\/wp-json\/wp\/v2\/media?parent=2094"}],"curies":[{"name":"wp","href":"https:\/\/api.w.org\/{rel}","templated":true}]}}