{"id":25,"date":"2014-09-14T09:21:09","date_gmt":"2014-09-14T09:21:09","guid":{"rendered":"http:\/\/localhost\/final-leisure\/?page_id=25"},"modified":"2024-10-20T19:36:46","modified_gmt":"2024-10-20T17:36:46","slug":"dining","status":"publish","type":"page","link":"https:\/\/bouradanishotel.gr\/de\/dining\/","title":{"rendered":"Restaurant"},"content":{"rendered":"[vc_row grid=&#8221;true&#8221;][vc_column][vc_column_text css_animation=&#8221;appear&#8221; css=&#8221;.vc_custom_1674462601189{background-color: rgba(225,228,244,0.67) !important;*background-color: rgb(225,228,244) !important;border-radius: 5px !important;}&#8221;]\n<h3 style=\"text-align: center;\">Qualit\u00e4t vor Quantit\u00e4t<\/h3>\n[\/vc_column_text][\/vc_column][\/vc_row][vc_row grid=&#8221;true&#8221; css=&#8221;.vc_custom_1674463248214{margin-top: -130px !important;}&#8221;][vc_column width=&#8221;1\/2&#8243;][vc_column_text]\n<h2>Mediterrane Ern\u00e4hrung<\/h2>\n<h4>In Griechenland hat eine gute Ern\u00e4hrung einen wichtigen Platz in der Kultur. Sie ist weltweit bekannt als die \u201eMediterrane Di\u00e4t\u201c.<\/h4>\n<h4>In unserem Hotel garantieren eine geeignete und ausgewogene Auswahl der besten Zutaten das Ergebnis.<\/h4>\n<h4>Wenn Sie das Fr\u00fchst\u00fcck, das Abendessen oder etwas von der Snack Bar genie\u00dfen, werden Sie sich in die Szenerie des lokalen Anbieters, der uns die frischen Produkte fr\u00fch am Morgen gebracht hat, hineinversetzen.<\/h4>\n[\/vc_column_text][vc_btn title=&#8221;Ala Carte Menu&#8221; style=&#8221;3d&#8221; color=&#8221;pink&#8221; align=&#8221;center&#8221; link=&#8221;url:https%3A%2F%2Fbouradanishotel.gr%2Fwp-content%2Fuploads%2F2023%2F05%2FMenu-ala-carte-GER_2023-for-site-w_o-prices_comp.pdf|target:_blank&#8221;][\/vc_column][vc_column width=&#8221;1\/2&#8243; css=&#8221;.vc_custom_1451996442901{padding-top: 30px !important;padding-right: 30px !important;padding-left: 30px !important;background-color: rgba(225,228,244,0.67) !important;*background-color: rgb(225,228,244) !important;}&#8221;][vc_images_carousel images=&#8221;6154,6616,5146,6155,5141,6617,5142,6153&#8243; onclick=&#8221;link_no&#8221; speed=&#8221;2000&#8243; wrap=&#8221;yes&#8221;][\/vc_column][\/vc_row][vc_row grid=&#8221;true&#8221; css=&#8221;.vc_custom_1448737104016{padding-top: 10px !important;background-image: url(http:\/\/bouradanishotel.gr\/wp-content\/uploads\/2014\/09\/resto_bg.jpg?id=2057) !important;background-position: 0 0 !important;background-repeat: no-repeat !important;}&#8221;][vc_column css=&#8221;.vc_custom_1448736969607{margin-top: 5px !important;}&#8221;][\/vc_column][\/vc_row][vc_row position=&#8221;center center&#8221; grid=&#8221;true&#8221; css=&#8221;.vc_custom_1452072910463{background-image: url(http:\/\/bouradanishotel.gr\/wp-content\/uploads\/2014\/09\/CHEF_BACKGROUND.jpg?id=3418) !important;background-position: center !important;background-repeat: no-repeat !important;background-size: contain !important;}&#8221; el_class=&#8221;content-padding-xxl&#8221;][vc_column width=&#8221;1\/2&#8243; offset=&#8221;vc_col-sm-offset-6&#8243; css=&#8221;.vc_custom_1452073338496{margin-top: -100px !important;margin-bottom: -100px !important;}&#8221;][vc_column_text el_class=&#8221;white-box content-padding-xs&#8221;]\n<h2>Mamas traditionelle K\u00fcche<\/h2>\n<h4>Die guten und frischen Produkte selber garantieren nicht das richtige Ergebnis.<\/h4>\n<h4>Wir haben keinen Koch in unserem Hotel, denn wir haben keine Kunden, sondern Freunde zu Gast.<\/h4>\n<h4>Alle Speisen werden t\u00e4glich von <a href=\"https:\/\/www.instagram.com\/rock_mama_clairy\/\" target=\"_blank\" rel=\"noopener\">Rock_Mama_Clairy<\/a> mit griechischen traditionellen Rezepten und Liebe f\u00fcr viele Freunde gekocht.<\/h4>\n<h4>Das Beisammensein mit Freunden an einem Tisch mit gutem Essen und guten Getr\u00e4nken ist eine alte Gewohnheit der Griechen mit Wurzeln bei den antiken Sophisten.<\/h4>\n<h4>\u0394\u03b5\u03b9\u03c0\u03bd\u03bf\u03c3\u03bf\u03c6\u03b9\u03c3\u03c4\u03ad\u03c2 (dipnosofistes) =\u00a0Deipnosophistae (= Abendessen und Sophist)<\/h4>\n[\/vc_column_text][\/vc_column][\/vc_row][vc_row][vc_column width=&#8221;1\/2&#8243;][vc_column_text]\n<h2 class=\"text-center\" style=\"text-align: center;\"><i class='far fa-fw fa-clock-o fa-lg fa-block ' style=''><\/i>\u00d6ffnungszeiten<\/h2>\n<h4 style=\"text-align: center;\">Fr\u00fchst\u00fcck: 8:30 am &#8211; 9:30 am<br \/>\nAbendessen: 7:30 pm &#8211; 9:00 pm<\/h4>\n<h4 style=\"text-align: center;\">Snack Bar und Restaurant: 11:00 Uhr bis \u2026..<\/h4>\n[\/vc_column_text][\/vc_column][vc_column width=&#8221;1\/2&#8243;][vc_column_text]\n<h2 class=\"text-center\" style=\"text-align: center;\"><i class='far fa-fw fa-birthday-cake fa-lg fa-block ' style=''><\/i>Reservierungen<\/h2>\n<h4 style=\"text-align: center;\">Haben Sie einen speziellen Anlass, der gefeiert werden soll?<br \/>\nLassen Sie uns Ihren Geburtstag, ihren Hochzeitstag oder einfach eine Party organisieren.<\/h4>\n<h4 style=\"text-align: center;\">Kontaktieren Sie uns f\u00fcr eine Absprache gerne an der Rezeption<\/h4>\n[\/vc_column_text][\/vc_column][\/vc_row]\n","protected":false},"excerpt":{"rendered":"<p>[vc_row grid=&#8221;true&#8221;][vc_column][vc_column_text css_animation=&#8221;appear&#8221; css=&#8221;.vc_custom_1674462601189{background-color: rgba(225,228,244,0.67) !important;*background-color: rgb(225,228,244) !important;border-radius: 5px !important;}&#8221;] Qualit\u00e4t vor Quantit\u00e4t [\/vc_column_text][\/vc_column][\/vc_row][vc_row grid=&#8221;true&#8221; css=&#8221;.vc_custom_1674463248214{margin-top: -130px !important;}&#8221;][vc_column width=&#8221;1\/2&#8243;][vc_column_text] Mediterrane [&hellip;]<\/p>\n","protected":false},"author":1,"featured_media":0,"parent":0,"menu_order":0,"comment_status":"closed","ping_status":"closed","template":"page-templates\/page-fullwidth.php","meta":[],"translation":{"provider":"WPGlobus","version":"3.0.2","language":"de","enabled_languages":["en","de","el"],"languages":{"en":{"title":true,"content":true,"excerpt":false},"de":{"title":true,"content":true,"excerpt":false},"el":{"title":true,"content":true,"excerpt":false}}},"_links":{"self":[{"href":"https:\/\/bouradanishotel.gr\/de\/wp-json\/wp\/v2\/pages\/25"}],"collection":[{"href":"https:\/\/bouradanishotel.gr\/de\/wp-json\/wp\/v2\/pages"}],"about":[{"href":"https:\/\/bouradanishotel.gr\/de\/wp-json\/wp\/v2\/types\/page"}],"author":[{"embeddable":true,"href":"https:\/\/bouradanishotel.gr\/de\/wp-json\/wp\/v2\/users\/1"}],"replies":[{"embeddable":true,"href":"https:\/\/bouradanishotel.gr\/de\/wp-json\/wp\/v2\/comments?post=25"}],"version-history":[{"count":40,"href":"https:\/\/bouradanishotel.gr\/de\/wp-json\/wp\/v2\/pages\/25\/revisions"}],"predecessor-version":[{"id":6622,"href":"https:\/\/bouradanishotel.gr\/de\/wp-json\/wp\/v2\/pages\/25\/revisions\/6622"}],"wp:attachment":[{"href":"https:\/\/bouradanishotel.gr\/de\/wp-json\/wp\/v2\/media?parent=25"}],"curies":[{"name":"wp","href":"https:\/\/api.w.org\/{rel}","templated":true}]}}