{"id":2950,"date":"2015-12-16T19:10:17","date_gmt":"2015-12-16T17:10:17","guid":{"rendered":"http:\/\/bouradanishotel.gr\/?page_id=2950"},"modified":"2024-10-20T19:43:24","modified_gmt":"2024-10-20T17:43:24","slug":"the-hotel","status":"publish","type":"page","link":"https:\/\/bouradanishotel.gr\/de\/the-hotel\/","title":{"rendered":"Das Hotel"},"content":{"rendered":"[vc_row grid=&#8221;true&#8221;][vc_column][vc_column_text css_animation=&#8221;appear&#8221; css=&#8221;.vc_custom_1590673446540{background-color: rgba(225,228,244,0.67) !important;*background-color: rgb(225,228,244) !important;border-radius: 5px !important;}&#8221;]\n<h3 style=\"text-align: center;\">Suchen Sie das Paradies auf Erden?<\/h3>\n[\/vc_column_text][\/vc_column][\/vc_row][vc_row grid=&#8221;true&#8221; css=&#8221;.vc_custom_1599292930640{margin-top: -130px !important;background-position: center !important;background-repeat: no-repeat !important;background-size: contain !important;border-radius: 5px !important;}&#8221; el_class=&#8221;content-padding-xxl&#8221;][vc_column width=&#8221;1\/2&#8243;][vc_column_text css=&#8221;.vc_custom_1673949437184{margin-top: -80px !important;padding-top: 5.4px !important;padding-right: 5.6px !important;padding-bottom: 5.4px !important;padding-left: 5.6px !important;}&#8221; el_class=&#8221;h4 span{font-size:inherit; text-transform:inherit; font-family: inherit; font-weight: inherit;}&#8221;]\n<h4><span style=\"color: #0000ff;\"><span style=\"color: #000000;\">Das Bouradanis Village Hotel ist ein familiengef\u00fchrtes Hotel und befindet sich nur gut 600 Meter und ein paar Minuten Fu\u00dfweg von Marmaris goldenem Sandstrand entfernt, welcher wieder mit der <\/span>&#8220;Blauen Flagge&#8221;\u00a0<\/span>von der Stiftung f\u00fcr Umwelterziehung (FEE) ausgezeichnet wurde.<\/h4>\n<h4>Das Hotel ist auch sehr nah an dem Naturschutzgebiet \u201cAlykes\u201d \u2013 besser bekannt als \u201cSalzsee\u201d (gesch\u00fctzt durch das \u00f6kologische Netzwerk Natura 2000) \u2013 welches man unbedingt gesehen haben muss.<\/h4>\n<h4>Es besteht aus drei Geb\u00e4uden, die im modernen \u00e4g\u00e4ischen Stil erbaut sind.<\/h4>\n<h4>Unsere G\u00e4ste wohnen in gem\u00fctlichen Studios und Apartments, die nach Richtlinien der Europ\u00e4ischen Union (EU) erbaut wurden.<\/h4>\n<h4>Ein gro\u00dfartiger Ort f\u00fcr alle, die eine gem\u00fctliche Atmosph\u00e4re und ein gutes Preis-\/Leistungsverh\u00e4ltnis sch\u00e4tzen.<\/h4>\n<h4>In der Mitte der Insel gelegen und von Palmen und Bananenstauden umgeben, ist es der perfekte Ort zum Entspannen am Pool, um ein Getr\u00e4nk an der Bar zu genie\u00dfen oder seinen Urlaub zu planen.<\/h4>\n<h4>Gro\u00dfartige Freizeitm\u00f6glichkeiten und nahe gelegene Auto- und Zweiradvermietungen versprechen einen unvergesslichen Urlaub.<\/h4>\n[\/vc_column_text][\/vc_column][vc_column width=&#8221;1\/2&#8243; css=&#8221;.vc_custom_1674634446679{padding-top: 30px !important;padding-right: 30px !important;padding-left: 30px !important;background-color: rgba(225,228,244,0.67) !important;*background-color: rgb(225,228,244) !important;}&#8221;][vc_images_carousel images=&#8221;6601,6599,6265,6600,6263,6598,6264,6597,6556&#8243; speed=&#8221;2000&#8243; wrap=&#8221;yes&#8221;][\/vc_column][\/vc_row][vc_row grid=&#8221;true&#8221; css=&#8221;.vc_custom_1590673511047{margin-top: -140px !important;}&#8221;][vc_column][vc_column_text css_animation=&#8221;appear&#8221; css=&#8221;.vc_custom_1674634966207{background-color: rgba(225,228,244,0.67) !important;*background-color: rgb(225,228,244) !important;border-radius: 5px !important;}&#8221;]\n<h3 style=\"text-align: center;\">Sie brauchen mehr als das?<br \/>\nSprechen Sie uns an und wir werden versuchen, eine L\u00f6sung zu finden<\/h3>\n[\/vc_column_text][\/vc_column][\/vc_row][vc_row css=&#8221;.vc_custom_1588668040931{margin-top: -80px !important;}&#8221;][vc_column width=&#8221;1\/4&#8243; offset=&#8221;vc_col-lg-3 vc_col-md-3 vc_col-xs-6&#8243;][vc_raw_html]JTNDZGl2JTIwc3R5bGUlM0QlMjJmb250LXNpemUlM0ElMjAxJTJDNXJlbSUzQiUyMGNvbG9yJTNBJTIwJTIzMzM2NkZGJTNCJTIyJTNFJTBBJTIwJTIwJTNDZGl2JTNFJTNDaSUyMGNsYXNzJTNEJTIyZmFzJTIwZmEtdXNlci1mcmllbmRzJTIwZmEtZnclMjIlMjBzdHlsZSUzRCUyMmJhY2tncm91bmQlM0FXaGl0ZSUyMiUzRSUzQyUyRmklM0UlMjBNZWhyc3ByYWNoaWdlcyUyMFBlcnNvbmFsJTNDJTJGZGl2JTNFJTBBJTIwJTIwJTNDZGl2JTNFJTNDaSUyMGNsYXNzJTNEJTIyZmFzJTIwZmEtaW5mbyUyMGZhLWZ3JTIyJTIwc3R5bGUlM0QlMjJiYWNrZ3JvdW5kJTNBV2hpdGUlMjIlM0UlM0MlMkZpJTNFJTIwUmV6ZXB0aW9uJTNDJTJGZGl2JTNFJTBBJTIwJTIwJTNDZGl2JTNFJTNDaSUyMGNsYXNzJTNEJTIyZmFzJTIwZmEtdXRlbnNpbHMlMjBmYS1mdyUyMiUyMHN0eWxlJTNEJTIyYmFja2dyb3VuZCUzQVdoaXRlJTIyJTNFJTNDJTJGaSUzRSUyMFJlc3RhdXJhbnQlM0MlMkZkaXYlM0UlMEElMjAlMjAlM0NkaXYlM0UlM0NpJTIwY2xhc3MlM0QlMjJmYXMlMjBmYS1oZGQlMjBmYS1mdyUyMiUyMHN0eWxlJTNEJTIyYmFja2dyb3VuZCUzQVdoaXRlJTIyJTNFJTNDJTJGaSUzRSUyMFNhZmUlMjAlMjhBdWZwcmVpcyUyOSUzQyUyRmRpdiUzRSUwQSUzQyUyRmRpdiUzRQ==[\/vc_raw_html][\/vc_column][vc_column width=&#8221;1\/4&#8243; offset=&#8221;vc_col-lg-3 vc_col-md-3 vc_col-xs-6&#8243;][vc_raw_html]JTNDZGl2JTIwc3R5bGUlM0QlMjJmb250LXNpemUlM0ElMjAxJTJDNXJlbSUzQiUyMGNvbG9yJTNBJTIwJTIzMzM2NkZGJTNCJTIyJTNFJTBBJTIwJTIwJTNDZGl2JTNFJTNDaSUyMGNsYXNzJTNEJTIyZmFzJTIwZmEtcGhvbmUtdm9sdW1lJTIwZmEtZnclMjIlMjBzdHlsZSUzRCUyMmJhY2tncm91bmQlM0FXaGl0ZSUyMiUzRSUzQyUyRmklM0UlMjAyNCUyRjclMjBOb3RmYWxsdGVsZWZvbiUzQyUyRmRpdiUzRSUwQSUyMCUyMCUzQ2RpdiUzRSUzQ2klMjBjbGFzcyUzRCUyMmZhcyUyMGZhLWNvY2t0YWlsJTIwZmEtZnclMjIlMjBzdHlsZSUzRCUyMmJhY2tncm91bmQlM0FXaGl0ZSUyMiUzRSUzQyUyRmklM0UlMjBCYXIlM0MlMkZkaXYlM0UlMEElMjAlMjAlM0NkaXYlM0UlM0NpJTIwY2xhc3MlM0QlMjJmYXMlMjBmYS1hd2FyZCUyMGZhLWZ3JTIyJTIwc3R5bGUlM0QlMjJiYWNrZ3JvdW5kJTNBV2hpdGUlMjIlM0UlM0MlMkZpJTNFJTIwQXVzZ2V6ZWljaG5ldCUzQyUyRmRpdiUzRSUwQSUyMCUyMCUzQ2RpdiUzRSUzQ2klMjBjbGFzcyUzRCUyMmZhcyUyMGZhLXdpZmklMjBmYS1mdyUyMiUyMHN0eWxlJTNEJTIyYmFja2dyb3VuZCUzQVdoaXRlJTIyJTNFJTNDJTJGaSUzRSUyMFJlemVwdGlvbiUyRlBvb2wlM0MlMkZkaXYlM0UlMEElM0MlMkZkaXYlM0U=[\/vc_raw_html][\/vc_column][vc_column width=&#8221;1\/4&#8243; offset=&#8221;vc_col-lg-3 vc_col-md-3 vc_col-xs-6&#8243;][vc_raw_html]JTNDZGl2JTIwc3R5bGUlM0QlMjJmb250LXNpemUlM0ElMjAxJTJDNXJlbSUzQiUyMGNvbG9yJTNBJTIwJTIzMzM2NkZGJTNCJTIyJTNFJTBBJTIwJTIwJTNDZGl2JTNFJTNDaSUyMGNsYXNzJTNEJTIyZmFzJTIwZmEtY29uY2llcmdlLWJlbGwlMjBmYS1mdyUyMiUyMHN0eWxlJTNEJTIyYmFja2dyb3VuZCUzQVdoaXRlJTIyJTNFJTNDJTJGaSUzRSUyMEhhdXNtZWlzdGVyJTNDJTJGZGl2JTNFJTBBJTIwJTIwJTNDZGl2JTNFJTNDaSUyMGNsYXNzJTNEJTIyZmFzJTIwZmEtbXVzaWMlMjBmYS1mdyUyMiUyMHN0eWxlJTNEJTIyYmFja2dyb3VuZCUzQVdoaXRlJTIyJTNFJTNDJTJGaSUzRSUyME11c2lrJTIwJTI4YW4lMjBkZXIlMjBCYXIlMjklM0MlMkZkaXYlM0UlMEElMjAlMjAlM0NkaXYlM0UlM0NpJTIwY2xhc3MlM0QlMjJmYXMlMjBmYS1zd2ltbWVyJTIwZmEtZnclMjIlMjBzdHlsZSUzRCUyMmJhY2tncm91bmQlM0FXaGl0ZSUyMiUzRSUzQyUyRmklM0UlMjBLaW5kZXJwb29sJTNDJTJGZGl2JTNFJTBBJTIwJTIwJTNDZGl2JTNFJTNDaSUyMGNsYXNzJTNEJTIyZmFzJTIwZmEtZGlhZ25vc2VzJTIwZmEtZnclMjIlMjBzdHlsZSUzRCUyMmJhY2tncm91bmQlM0FXaGl0ZSUyMiUzRSUzQyUyRmklM0UlMjBDaGVtaXNjaGUlMjBSZWluaWd1bmclMkZCJUMzJUJDZ2VsbiUyMCUyOEF1ZnByZWlzJTI5JTNDJTJGZGl2JTNFJTBBJTNDJTJGZGl2JTNF[\/vc_raw_html][\/vc_column][vc_column width=&#8221;1\/4&#8243; offset=&#8221;vc_col-lg-3 vc_col-md-3 vc_col-xs-6&#8243;][vc_raw_html]JTNDZGl2JTIwc3R5bGUlM0QlMjJmb250LXNpemUlM0ElMjAxJTJDNXJlbSUzQiUyMGNvbG9yJTNBJTIwJTIzMzM2NkZGJTNCJTIyJTNFJTBBJTIwJTIwJTNDZGl2JTNFJTNDaSUyMGNsYXNzJTNEJTIyZmFzJTIwZmEtc3dpbW1pbmctcG9vbCUyMGZhLWZ3JTIyJTIwc3R5bGUlM0QlMjJiYWNrZ3JvdW5kJTNBV2hpdGUlMjIlM0UlM0MlMkZpJTNFJTIwU3dpbW1pbmclMjBQb29sJTNDJTJGZGl2JTNFJTBBJTIwJTIwJTNDZGl2JTNFJTNDaSUyMGNsYXNzJTNEJTIyZmFzJTIwZmEtcGFya2luZyUyMGZhLWZ3JTIyJTIwc3R5bGUlM0QlMjJiYWNrZ3JvdW5kJTNBV2hpdGUlMjIlM0UlM0MlMkZpJTNFJTIwUGFya2luZyUyMCUyOEdSQVRJUyUyOSUzQyUyRmRpdiUzRSUwQSUyMCUyMCUzQ2RpdiUzRSUzQ2klMjBjbGFzcyUzRCUyMmZhcyUyMGZhLXR2JTIwZmEtZnclMjIlMjBzdHlsZSUzRCUyMmJhY2tncm91bmQlM0FXaGl0ZSUyMiUzRSUzQyUyRmklM0UlMjBTYXRlbGxpdGUlMjBUViUzQyUyRmRpdiUzRSUwQSUyMCUyMCUzQ2RpdiUzRSUzQ2klMjBjbGFzcyUzRCUyMmZhcyUyMGZhLXVtYnJlbGxhLWJlYWNoJTIwZmEtZnclMjIlMjBzdHlsZSUzRCUyMmJhY2tncm91bmQlM0FXaGl0ZSUyMiUzRSUzQyUyRmklM0UlMjBTb25uZW5zY2hpcm1lJTJGTGllZ2VuJTIwJTI4R1JBVElTJTI5JTNDJTJGZGl2JTNFJTBBJTNDJTJGZGl2JTNF[\/vc_raw_html][\/vc_column][\/vc_row][vc_row grid=&#8221;true&#8221;][vc_column width=&#8221;1\/2&#8243; css=&#8221;.vc_custom_1674635385625{margin-top: 30px !important;}&#8221;][vc_column_text css=&#8221;.vc_custom_1471865573859{padding-top: 15px !important;padding-right: 15px !important;padding-bottom: 15px !important;padding-left: 15px !important;background-color: rgba(225,228,244,0.67) !important;background-position: center !important;background-repeat: no-repeat !important;background-size: contain !important;*background-color: rgb(225,228,244) !important;border-radius: 5px !important;}&#8221;]\n<h4>M\u00f6chten Sie Ihren Urlaub unvergesslich machen?<\/h4>\n<h4>Kos ist eine flache Insel mit weiten Stra\u00dfen und sehr vielen Orten und sch\u00f6nen Str\u00e4nden, die einen Besuch wert sind.<\/h4>\n<h4><u>Zu Ihrem Komfort k\u00fcmmern wir uns f\u00fcr Sie um das Mieten von Autos, Motorr\u00e4dern oder Fahrr\u00e4dern. <\/u><\/h4>\n<h4>Sie k\u00f6nnen Sich spontan vor Ort entscheiden oder das Fahrzeug kann schon am Flughafen auf Sie warten.<\/h4>\n[\/vc_column_text][\/vc_column][vc_column width=&#8221;1\/2&#8243; css=&#8221;.vc_custom_1455701869752{padding-top: 30px !important;padding-right: 30px !important;padding-left: 30px !important;background-color: rgba(225,228,244,0.67) !important;*background-color: rgb(225,228,244) !important;}&#8221;][vc_images_carousel images=&#8221;3009,3007,3006,3005,3004,3003,2999,2998,2997&#8243; onclick=&#8221;link_no&#8221; speed=&#8221;2000&#8243; hide_pagination_control=&#8221;yes&#8221; hide_prev_next_buttons=&#8221;yes&#8221; css=&#8221;.vc_custom_1455701669499{border-radius: 5px !important;}&#8221;][\/vc_column][\/vc_row]\n","protected":false},"excerpt":{"rendered":"<p>[vc_row grid=&#8221;true&#8221;][vc_column][vc_column_text css_animation=&#8221;appear&#8221; css=&#8221;.vc_custom_1590673446540{background-color: rgba(225,228,244,0.67) !important;*background-color: rgb(225,228,244) !important;border-radius: 5px !important;}&#8221;] Suchen Sie das Paradies auf Erden? [\/vc_column_text][\/vc_column][\/vc_row][vc_row grid=&#8221;true&#8221; css=&#8221;.vc_custom_1599292930640{margin-top: -130px [&hellip;]<\/p>\n","protected":false},"author":1,"featured_media":0,"parent":0,"menu_order":0,"comment_status":"closed","ping_status":"closed","template":"","meta":{"footnotes":""},"class_list":["post-2950","page","type-page","status-publish","hentry"],"translation":{"provider":"WPGlobus","version":"3.0.2","language":"de","enabled_languages":["en","de","el"],"languages":{"en":{"title":true,"content":true,"excerpt":false},"de":{"title":true,"content":true,"excerpt":false},"el":{"title":true,"content":true,"excerpt":false}}},"_links":{"self":[{"href":"https:\/\/bouradanishotel.gr\/de\/wp-json\/wp\/v2\/pages\/2950","targetHints":{"allow":["GET"]}}],"collection":[{"href":"https:\/\/bouradanishotel.gr\/de\/wp-json\/wp\/v2\/pages"}],"about":[{"href":"https:\/\/bouradanishotel.gr\/de\/wp-json\/wp\/v2\/types\/page"}],"author":[{"embeddable":true,"href":"https:\/\/bouradanishotel.gr\/de\/wp-json\/wp\/v2\/users\/1"}],"replies":[{"embeddable":true,"href":"https:\/\/bouradanishotel.gr\/de\/wp-json\/wp\/v2\/comments?post=2950"}],"version-history":[{"count":141,"href":"https:\/\/bouradanishotel.gr\/de\/wp-json\/wp\/v2\/pages\/2950\/revisions"}],"predecessor-version":[{"id":6627,"href":"https:\/\/bouradanishotel.gr\/de\/wp-json\/wp\/v2\/pages\/2950\/revisions\/6627"}],"wp:attachment":[{"href":"https:\/\/bouradanishotel.gr\/de\/wp-json\/wp\/v2\/media?parent=2950"}],"curies":[{"name":"wp","href":"https:\/\/api.w.org\/{rel}","templated":true}]}}